{"id":911,"date":"2023-02-23T05:03:48","date_gmt":"2023-02-23T05:03:48","guid":{"rendered":"https:\/\/completei.es\/index.php\/producto\/hoodie-with-logo\/"},"modified":"2023-10-10T00:47:16","modified_gmt":"2023-10-10T00:47:16","slug":"ruta-a-la-plenitud","status":"publish","type":"product","link":"https:\/\/completeileadership.es\/index.php\/producto\/ruta-a-la-plenitud\/","title":{"rendered":"Ruta A La Plenitud"},"content":{"rendered":"<p><span style=\"font-size: 1.7em; font-weight: bold;\">Descripci\u00f3n<\/span><\/p>\n<div class=\"elementor-element elementor-element-718ca85 elementor-widget elementor-widget-text-editor\" data-id=\"718ca85\" data-element_type=\"widget\" data-widget_type=\"text-editor.default\">\n<div class=\"elementor-widget-container\">\n<p><em><strong>(Espa\u00f1ol)<\/strong><\/em><\/p>\n<p>Este libro contiene 365 meditaciones que te ayudar\u00e1n en la aventura de conseguir tus anhelos. En \u00e9l encontrar\u00e1s: ideas, principios, verdades, conceptos b\u00e1sicos, experiencias reales y preguntas que te respaldar\u00e1n a afirmar tu fe en el hermoso viaje de la vida. En tu paso por la tierra hay muchas cosas que debes enfrentar, pero a veces hay carencia de un consejo, una palabra de aliento, y una motivaci\u00f3n. Es all\u00ed\u0301 donde debemos reconocer que Dios es el mejor consejero.<\/p>\n<p>En Ruta a la Plenitud encontrar\u00e1s mensajes que te ayudar\u00e1n a vivir d\u00eda a d\u00eda con inspiraci\u00f3n, aliento e impulso para seguir adelante, disfrutando la vida que Dios te ha regalado.<\/p>\n<p>Te invito a no desviarte del prop\u00f3sito por el cual fuiste creado y que incluyas en los pr\u00f3ximos d\u00edas de tu vida las meditaciones de RUTA A LA PLENITUD.<\/p>\n<p>Tambi\u00e9n te motivo a que compartas con otras personas tus experiencias y lo aprendido en este libro, as\u00ed\u0301 puedes no solo disfrutar de esta ruta, sino ayudar, incluyendo a otros en ese hermoso viaje.<\/p>\n<p>&nbsp;<\/p>\n<\/div>\n<\/div>\n<div class=\"elementor-element elementor-element-fc3d166 elementor-widget-divider--view-line elementor-widget elementor-widget-divider\" data-id=\"fc3d166\" data-element_type=\"widget\" data-widget_type=\"divider.default\">\n<div class=\"elementor-widget-container\">\n<div class=\"elementor-divider\"><\/div>\n<\/div>\n<\/div>\n<div class=\"elementor-element elementor-element-2be4c54 elementor-tablet-align-left elementor-icon-list--layout-traditional elementor-list-item-link-full_width elementor-widget elementor-widget-icon-list\" data-id=\"2be4c54\" data-element_type=\"widget\" data-widget_type=\"icon-list.default\">\n<div class=\"elementor-widget-container\">\n<ul class=\"elementor-icon-list-items\">\n<li class=\"elementor-icon-list-item\"><span class=\"elementor-icon-list-text\">(English) This book represents a complete guide to finding fulfillment, as it provides advice for every day of the year. The fact that it is divided day by day and month by month makes it an extremely useful self-help tool for those readers who need to rethink certain aspects of their life and find themselves stuck in this process. To do this, this book provides practical and spiritual advice that accompanies the reader to reflect on certain aspects of his life and in turn to transform and change those elements that he considers that lead him down an unwanted path<\/span><\/li>\n<\/ul>\n<\/div>\n<\/div>\n","protected":false},"excerpt":{"rendered":"<p>Este libro representa una gu\u00eda complete para alcanzar, provee herramientas para los 365 d\u00edas del a\u00f1o<\/p>\n<p>(English)This book represents a complete guide to finding fulfillment, as it provides advice for every day of the year.)<\/p>\n","protected":false},"featured_media":2262,"comment_status":"open","ping_status":"closed","template":"","meta":{"_monsterinsights_skip_tracking":false,"_monsterinsights_sitenote_active":false,"_monsterinsights_sitenote_note":"","_monsterinsights_sitenote_category":0,"site-sidebar-layout":"default","site-content-layout":"default","ast-site-content-layout":"","site-content-style":"default","site-sidebar-style":"default","ast-global-header-display":"","ast-banner-title-visibility":"","ast-main-header-display":"","ast-hfb-above-header-display":"","ast-hfb-below-header-display":"","ast-hfb-mobile-header-display":"","site-post-title":"","ast-breadcrumbs-content":"","ast-featured-img":"","footer-sml-layout":"","theme-transparent-header-meta":"default","adv-header-id-meta":"","stick-header-meta":"","header-above-stick-meta":"","header-main-stick-meta":"","header-below-stick-meta":"","astra-migrate-meta-layouts":"default","ast-page-background-enabled":"default","ast-page-background-meta":{"desktop":{"background-color":"","background-image":"","background-repeat":"repeat","background-position":"center center","background-size":"auto","background-attachment":"scroll","background-type":"","background-media":"","overlay-type":"","overlay-color":"","overlay-opacity":"","overlay-gradient":""},"tablet":{"background-color":"","background-image":"","background-repeat":"repeat","background-position":"center center","background-size":"auto","background-attachment":"scroll","background-type":"","background-media":"","overlay-type":"","overlay-color":"","overlay-opacity":"","overlay-gradient":""},"mobile":{"background-color":"","background-image":"","background-repeat":"repeat","background-position":"center center","background-size":"auto","background-attachment":"scroll","background-type":"","background-media":"","overlay-type":"","overlay-color":"","overlay-opacity":"","overlay-gradient":""}},"ast-content-background-meta":{"desktop":{"background-color":"var(--ast-global-color-5)","background-image":"","background-repeat":"repeat","background-position":"center center","background-size":"auto","background-attachment":"scroll","background-type":"","background-media":"","overlay-type":"","overlay-color":"","overlay-opacity":"","overlay-gradient":""},"tablet":{"background-color":"var(--ast-global-color-5)","background-image":"","background-repeat":"repeat","background-position":"center center","background-size":"auto","background-attachment":"scroll","background-type":"","background-media":"","overlay-type":"","overlay-color":"","overlay-opacity":"","overlay-gradient":""},"mobile":{"background-color":"var(--ast-global-color-5)","background-image":"","background-repeat":"repeat","background-position":"center center","background-size":"auto","background-attachment":"scroll","background-type":"","background-media":"","overlay-type":"","overlay-color":"","overlay-opacity":"","overlay-gradient":""}}},"product_brand":[],"product_cat":[39],"product_tag":[],"class_list":{"0":"post-911","1":"product","2":"type-product","3":"status-publish","4":"has-post-thumbnail","6":"product_cat-recursos-de-fe","7":"desktop-align-center","8":"tablet-align-left","9":"mobile-align-left","11":"first","12":"instock","13":"shipping-taxable","14":"purchasable","15":"product-type-variable"},"aioseo_notices":[],"_links":{"self":[{"href":"https:\/\/completeileadership.es\/index.php\/wp-json\/wp\/v2\/product\/911","targetHints":{"allow":["GET"]}}],"collection":[{"href":"https:\/\/completeileadership.es\/index.php\/wp-json\/wp\/v2\/product"}],"about":[{"href":"https:\/\/completeileadership.es\/index.php\/wp-json\/wp\/v2\/types\/product"}],"replies":[{"embeddable":true,"href":"https:\/\/completeileadership.es\/index.php\/wp-json\/wp\/v2\/comments?post=911"}],"wp:featuredmedia":[{"embeddable":true,"href":"https:\/\/completeileadership.es\/index.php\/wp-json\/wp\/v2\/media\/2262"}],"wp:attachment":[{"href":"https:\/\/completeileadership.es\/index.php\/wp-json\/wp\/v2\/media?parent=911"}],"wp:term":[{"taxonomy":"product_brand","embeddable":true,"href":"https:\/\/completeileadership.es\/index.php\/wp-json\/wp\/v2\/product_brand?post=911"},{"taxonomy":"product_cat","embeddable":true,"href":"https:\/\/completeileadership.es\/index.php\/wp-json\/wp\/v2\/product_cat?post=911"},{"taxonomy":"product_tag","embeddable":true,"href":"https:\/\/completeileadership.es\/index.php\/wp-json\/wp\/v2\/product_tag?post=911"}],"curies":[{"name":"wp","href":"https:\/\/api.w.org\/{rel}","templated":true}]}}